{"id":21,"date":"2024-03-06T00:33:46","date_gmt":"2024-03-05T23:33:46","guid":{"rendered":"https:\/\/velarischarter.com\/?page_id=21"},"modified":"2025-03-11T19:01:52","modified_gmt":"2025-03-11T18:01:52","slug":"contacto","status":"publish","type":"page","link":"https:\/\/velarischarter.com\/index.php\/contacto\/","title":{"rendered":"Contact"},"content":{"rendered":"<p>[et_pb_section fb_built=&#8221;1&#8243; admin_label=&#8221;Header&#8221; _builder_version=&#8221;4.24.2&#8243; _module_preset=&#8221;default&#8221; use_background_color_gradient=&#8221;on&#8221; background_color_gradient_stops=&#8221;gcid-02132a14-0aa3-45af-abdc-389c29b58c23 19%|rgba(37,46,79,0.69) 100%&#8221; background_color_gradient_overlays_image=&#8221;on&#8221; background_image=&#8221;http:\/\/velarischarter.com\/wp-content\/uploads\/2024\/03\/pexels-vitor-milanez-20056653-scaled.jpg&#8221; background_position=&#8221;bottom_right&#8221; custom_padding=&#8221;8%||8%||true|false&#8221; collapsed=&#8221;on&#8221; global_colors_info=&#8221;{%22gcid-02132a14-0aa3-45af-abdc-389c29b58c23%22:%91%22background_color%22%93}&#8221;][et_pb_row _builder_version=&#8221;4.18.0&#8243; _module_preset=&#8221;default&#8221; global_colors_info=&#8221;{}&#8221;][et_pb_column type=&#8221;4_4&#8243; _builder_version=&#8221;4.18.0&#8243; _module_preset=&#8221;default&#8221; global_colors_info=&#8221;{}&#8221;][et_pb_text _builder_version=&#8221;4.24.2&#8243; _module_preset=&#8221;c16985e1-e0d6-4022-964d-e2bfc04fa633&#8243; header_font=&#8221;Montserrat|100||on|||||&#8221; header_font_size=&#8221;70px&#8221; background_layout=&#8221;dark&#8221; header_font_size_tablet=&#8221;40px&#8221; header_font_size_phone=&#8221;24px&#8221; header_font_size_last_edited=&#8221;on|desktop&#8221; global_colors_info=&#8221;{}&#8221;]<\/p>\n<h1>CONTACT<\/h1>\n<p>[\/et_pb_text][et_pb_button button_text=&#8221;Get in Touch&#8221; _builder_version=&#8221;4.26.0&#8243; _module_preset=&#8221;31b4f027-aaa0-4f2f-ae02-959764e19e4f&#8221; custom_button=&#8221;on&#8221; button_text_color=&#8221;#FFFFFF&#8221; button_bg_color=&#8221;#ae7741&#8243; button_border_width=&#8221;0px&#8221; button_border_radius=&#8221;0px&#8221; button_font=&#8221;Poppins|500|||||||&#8221; custom_padding=&#8221;12px|30px|12px|30px|true|true&#8221; button_text_size_tablet=&#8221;18px&#8221; button_text_size_phone=&#8221;16px&#8221; button_text_size_last_edited=&#8221;on|phone&#8221; global_colors_info=&#8221;{}&#8221;][\/et_pb_button][\/et_pb_column][\/et_pb_row][\/et_pb_section][et_pb_section fb_built=&#8221;1&#8243; _builder_version=&#8221;4.24.2&#8243; _module_preset=&#8221;default&#8221; global_colors_info=&#8221;{}&#8221;][et_pb_row column_structure=&#8221;1_2,1_2&#8243; _builder_version=&#8221;4.24.2&#8243; _module_preset=&#8221;default&#8221; global_colors_info=&#8221;{}&#8221;][et_pb_column type=&#8221;1_2&#8243; _builder_version=&#8221;4.24.2&#8243; _module_preset=&#8221;default&#8221; global_colors_info=&#8221;{}&#8221;][et_pb_text _builder_version=&#8221;4.26.0&#8243; _module_preset=&#8221;default&#8221; header_font=&#8221;Montserrat|800|||||||&#8221; header_text_color=&#8221;#090834&#8243; custom_margin=&#8221;||-1px|||&#8221; global_colors_info=&#8221;{}&#8221;]<\/p>\n<h1>Contact Form<\/h1>\n<p>[\/et_pb_text][et_pb_divider color=&#8221;#ae7741&#8243; divider_weight=&#8221;10px&#8221; _builder_version=&#8221;4.24.2&#8243; _module_preset=&#8221;default&#8221; custom_margin=&#8221;||-5px|||&#8221; global_colors_info=&#8221;{}&#8221;][\/et_pb_divider][et_pb_contact_form email=&#8221;info@velarischarter.com&#8221; _builder_version=&#8221;4.26.0&#8243; _module_preset=&#8221;default&#8221; _unique_id=&#8221;ac9615a0-16e4-47e5-b48b-158d0f7fdbee&#8221; custom_button=&#8221;on&#8221; button_text_size=&#8221;18px&#8221; button_text_color=&#8221;#FFFFFF&#8221; button_bg_color=&#8221;#090834&#8243; button_border_width=&#8221;0px&#8221; custom_margin=&#8221;7px|||||&#8221; global_colors_info=&#8221;{}&#8221;][et_pb_contact_field field_id=&#8221;Name&#8221; field_title=&#8221;Name&#8221; _builder_version=&#8221;4.26.0&#8243; global_colors_info=&#8221;{}&#8221; button_text_size__hover_enabled=&#8221;off&#8221; button_one_text_size__hover_enabled=&#8221;off&#8221; button_two_text_size__hover_enabled=&#8221;off&#8221; button_text_color__hover_enabled=&#8221;off&#8221; button_one_text_color__hover_enabled=&#8221;off&#8221; button_two_text_color__hover_enabled=&#8221;off&#8221; button_border_width__hover_enabled=&#8221;off&#8221; button_one_border_width__hover_enabled=&#8221;off&#8221; button_two_border_width__hover_enabled=&#8221;off&#8221; button_border_color__hover_enabled=&#8221;off&#8221; button_one_border_color__hover_enabled=&#8221;off&#8221; button_two_border_color__hover_enabled=&#8221;off&#8221; button_border_radius__hover_enabled=&#8221;off&#8221; button_one_border_radius__hover_enabled=&#8221;off&#8221; button_two_border_radius__hover_enabled=&#8221;off&#8221; button_letter_spacing__hover_enabled=&#8221;off&#8221; button_one_letter_spacing__hover_enabled=&#8221;off&#8221; button_two_letter_spacing__hover_enabled=&#8221;off&#8221; button_bg_color__hover_enabled=&#8221;off&#8221; button_one_bg_color__hover_enabled=&#8221;off&#8221; button_two_bg_color__hover_enabled=&#8221;off&#8221;][\/et_pb_contact_field][et_pb_contact_field field_id=&#8221;Email&#8221; field_title=&#8221;Email&#8221; field_type=&#8221;email&#8221; _builder_version=&#8221;4.26.0&#8243; global_colors_info=&#8221;{}&#8221; button_text_size__hover_enabled=&#8221;off&#8221; button_one_text_size__hover_enabled=&#8221;off&#8221; button_two_text_size__hover_enabled=&#8221;off&#8221; button_text_color__hover_enabled=&#8221;off&#8221; button_one_text_color__hover_enabled=&#8221;off&#8221; button_two_text_color__hover_enabled=&#8221;off&#8221; button_border_width__hover_enabled=&#8221;off&#8221; button_one_border_width__hover_enabled=&#8221;off&#8221; button_two_border_width__hover_enabled=&#8221;off&#8221; button_border_color__hover_enabled=&#8221;off&#8221; button_one_border_color__hover_enabled=&#8221;off&#8221; button_two_border_color__hover_enabled=&#8221;off&#8221; button_border_radius__hover_enabled=&#8221;off&#8221; button_one_border_radius__hover_enabled=&#8221;off&#8221; button_two_border_radius__hover_enabled=&#8221;off&#8221; button_letter_spacing__hover_enabled=&#8221;off&#8221; button_one_letter_spacing__hover_enabled=&#8221;off&#8221; button_two_letter_spacing__hover_enabled=&#8221;off&#8221; button_bg_color__hover_enabled=&#8221;off&#8221; button_one_bg_color__hover_enabled=&#8221;off&#8221; button_two_bg_color__hover_enabled=&#8221;off&#8221;][\/et_pb_contact_field][et_pb_contact_field field_id=&#8221;Message&#8221; field_title=&#8221;Message&#8221; field_type=&#8221;text&#8221; fullwidth_field=&#8221;on&#8221; _builder_version=&#8221;4.26.0&#8243; global_colors_info=&#8221;{}&#8221; button_text_size__hover_enabled=&#8221;off&#8221; button_one_text_size__hover_enabled=&#8221;off&#8221; button_two_text_size__hover_enabled=&#8221;off&#8221; button_text_color__hover_enabled=&#8221;off&#8221; button_one_text_color__hover_enabled=&#8221;off&#8221; button_two_text_color__hover_enabled=&#8221;off&#8221; button_border_width__hover_enabled=&#8221;off&#8221; button_one_border_width__hover_enabled=&#8221;off&#8221; button_two_border_width__hover_enabled=&#8221;off&#8221; button_border_color__hover_enabled=&#8221;off&#8221; button_one_border_color__hover_enabled=&#8221;off&#8221; button_two_border_color__hover_enabled=&#8221;off&#8221; button_border_radius__hover_enabled=&#8221;off&#8221; button_one_border_radius__hover_enabled=&#8221;off&#8221; button_two_border_radius__hover_enabled=&#8221;off&#8221; button_letter_spacing__hover_enabled=&#8221;off&#8221; button_one_letter_spacing__hover_enabled=&#8221;off&#8221; button_two_letter_spacing__hover_enabled=&#8221;off&#8221; button_bg_color__hover_enabled=&#8221;off&#8221; button_one_bg_color__hover_enabled=&#8221;off&#8221; button_two_bg_color__hover_enabled=&#8221;off&#8221;][\/et_pb_contact_field][\/et_pb_contact_form][et_pb_blurb title=&#8221;WE LOOK FORWARD TO YOUR CALL&#8221; use_icon=&#8221;on&#8221; font_icon=&#8221;&#xe00b;||divi||400&#8243; icon_color=&#8221;#ae773e&#8221; icon_placement=&#8221;left&#8221; image_icon_width=&#8221;72px&#8221; _builder_version=&#8221;4.26.0&#8243; _module_preset=&#8221;default&#8221; header_font=&#8221;Montserrat||||||||&#8221; header_text_color=&#8221;#090834&#8243; body_font=&#8221;Poppins|300|||||||&#8221; custom_margin=&#8221;-1px|||||&#8221; global_colors_info=&#8221;{}&#8221;]<\/p>\n<p>We talk Spanish, Catalan, English, German, and French<\/p>\n<p>[\/et_pb_blurb][\/et_pb_column][et_pb_column type=&#8221;1_2&#8243; _builder_version=&#8221;4.24.2&#8243; _module_preset=&#8221;default&#8221; global_colors_info=&#8221;{}&#8221;][et_pb_image src=&#8221;http:\/\/velarischarter.com\/wp-content\/uploads\/2024\/03\/Formentera.jpg&#8221; title_text=&#8221;Formentera aerial view of turquoise water and yachts anchored&#8221; _builder_version=&#8221;4.24.2&#8243; _module_preset=&#8221;default&#8221; global_colors_info=&#8221;{}&#8221;][\/et_pb_image][\/et_pb_column][\/et_pb_row][et_pb_row disabled_on=&#8221;on|on|on&#8221; _builder_version=&#8221;4.24.2&#8243; _module_preset=&#8221;default&#8221; custom_margin=&#8221;44px|auto||auto||&#8221; disabled=&#8221;on&#8221; global_colors_info=&#8221;{}&#8221;][et_pb_column type=&#8221;4_4&#8243; _builder_version=&#8221;4.24.2&#8243; _module_preset=&#8221;default&#8221; global_colors_info=&#8221;{}&#8221;][et_pb_text _builder_version=&#8221;4.26.0&#8243; _module_preset=&#8221;default&#8221; header_font=&#8221;Montserrat||||||||&#8221; header_text_color=&#8221;#090834&#8243; header_font_size=&#8221;24px&#8221; custom_margin=&#8221;||-9px|||&#8221; global_colors_info=&#8221;{}&#8221;]<\/p>\n<h1 style=\"text-align: center;\">OUR TRIPS INCLUDE<\/h1>\n<p>[\/et_pb_text][\/et_pb_column][\/et_pb_row][et_pb_row column_structure=&#8221;1_5,1_5,1_5,1_5,1_5&#8243; disabled_on=&#8221;on|on|on&#8221; _builder_version=&#8221;4.24.2&#8243; _module_preset=&#8221;default&#8221; disabled=&#8221;on&#8221; global_colors_info=&#8221;{}&#8221;][et_pb_column type=&#8221;1_5&#8243; _builder_version=&#8221;4.24.2&#8243; _module_preset=&#8221;default&#8221; global_colors_info=&#8221;{}&#8221;][et_pb_blurb use_icon=&#8221;on&#8221; font_icon=&#8221;&#xf21a;||fa||900&#8243; icon_color=&#8221;#ae7741&#8243; _builder_version=&#8221;4.24.2&#8243; _module_preset=&#8221;default&#8221; body_font=&#8221;Poppins|300|||||||&#8221; global_colors_info=&#8221;{}&#8221;]<\/p>\n<p>Navegaci\u00f3n Privada por los equipos y\u00a0zona de competici\u00f3n<\/p>\n<p>[\/et_pb_blurb][\/et_pb_column][et_pb_column type=&#8221;1_5&#8243; _builder_version=&#8221;4.24.2&#8243; _module_preset=&#8221;default&#8221; global_colors_info=&#8221;{}&#8221;][et_pb_blurb use_icon=&#8221;on&#8221; font_icon=&#8221;&#x77;||divi||400&#8243; icon_color=&#8221;#ae7741&#8243; _builder_version=&#8221;4.24.2&#8243; _module_preset=&#8221;default&#8221; body_font=&#8221;Poppins|300|||||||&#8221; global_colors_info=&#8221;{}&#8221;]<\/p>\n<p>Explicaci\u00f3n y seguimiento cercano dela regata<\/p>\n<p>[\/et_pb_blurb][\/et_pb_column][et_pb_column type=&#8221;1_5&#8243; _builder_version=&#8221;4.24.2&#8243; _module_preset=&#8221;default&#8221; global_colors_info=&#8221;{}&#8221;][et_pb_blurb use_icon=&#8221;on&#8221; font_icon=&#8221;&#xf4fc;||fa||900&#8243; icon_color=&#8221;#ae7741&#8243; _builder_version=&#8221;4.24.2&#8243; _module_preset=&#8221;default&#8221; body_font=&#8221;Poppins|300|||||||&#8221; global_colors_info=&#8221;{}&#8221;]<\/p>\n<p>Personalizaci\u00f3n al cliente.<\/p>\n<p>[\/et_pb_blurb][\/et_pb_column][et_pb_column type=&#8221;1_5&#8243; _builder_version=&#8221;4.24.2&#8243; _module_preset=&#8221;default&#8221; global_colors_info=&#8221;{}&#8221;][et_pb_blurb use_icon=&#8221;on&#8221; font_icon=&#8221;&#xf52f;||fa||900&#8243; icon_color=&#8221;#ae7741&#8243; _builder_version=&#8221;4.24.2&#8243; _module_preset=&#8221;default&#8221; body_font=&#8221;Poppins|300|||||||&#8221; global_colors_info=&#8221;{}&#8221;]<\/p>\n<p>Suministro de combustible.<\/p>\n<p>[\/et_pb_blurb][\/et_pb_column][et_pb_column type=&#8221;1_5&#8243; _builder_version=&#8221;4.24.2&#8243; _module_preset=&#8221;default&#8221; global_colors_info=&#8221;{}&#8221;][et_pb_blurb use_icon=&#8221;on&#8221; font_icon=&#8221;&#xf561;||fa||900&#8243; icon_color=&#8221;#ae7741&#8243; _builder_version=&#8221;4.24.2&#8243; _module_preset=&#8221;default&#8221; body_font=&#8221;Poppins|300|||||||&#8221; global_colors_info=&#8221;{}&#8221;]<\/p>\n<p>Aperitivos para amenizar el viaje.<\/p>\n<p>[\/et_pb_blurb][\/et_pb_column][\/et_pb_row][\/et_pb_section][et_pb_section fb_built=&#8221;1&#8243; admin_label=&#8221;Footer&#8221; _builder_version=&#8221;4.24.2&#8243; _module_preset=&#8221;default&#8221; background_color=&#8221;#090834&#8243; custom_padding=&#8221;||40px|||&#8221; global_colors_info=&#8221;{}&#8221;][et_pb_row column_structure=&#8221;1_2,1_4,1_4&#8243; _builder_version=&#8221;4.16&#8243; _module_preset=&#8221;default&#8221; global_colors_info=&#8221;{}&#8221;][et_pb_column type=&#8221;1_2&#8243; _builder_version=&#8221;4.16&#8243; _module_preset=&#8221;default&#8221; global_colors_info=&#8221;{}&#8221;][et_pb_text _builder_version=&#8221;4.26.0&#8243; _module_preset=&#8221;default&#8221; text_font=&#8221;Poppins||||||||&#8221; text_text_color=&#8221;#E09900&#8243; text_font_size=&#8221;16px&#8221; text_letter_spacing=&#8221;0.05em&#8221; text_line_height=&#8221;1.2em&#8221; link_text_color=&#8221;#ffffff&#8221; header_3_font=&#8221;Poppins||||||||&#8221; header_3_text_color=&#8221;#ae7741&#8243; header_3_font_size=&#8221;16px&#8221; custom_margin=&#8221;6px||18px|||&#8221; text_font_size_tablet=&#8221;30px&#8221; text_font_size_phone=&#8221;22px&#8221; text_font_size_last_edited=&#8221;on|tablet&#8221; global_colors_info=&#8221;{}&#8221;]<\/p>\n<h3>Telephone<\/h3>\n<p><span style=\"color: #ffffff;\">+34 651 865 845<\/span><\/p>\n<p>[\/et_pb_text][et_pb_text _builder_version=&#8221;4.24.2&#8243; _module_preset=&#8221;default&#8221; text_font=&#8221;Poppins||||||||&#8221; text_text_color=&#8221;#FFFFFF&#8221; text_font_size=&#8221;16px&#8221; text_letter_spacing=&#8221;0.05em&#8221; text_line_height=&#8221;1.2em&#8221; link_text_color=&#8221;#ffffff&#8221; header_3_font=&#8221;Poppins||||||||&#8221; header_3_text_color=&#8221;#ae7741&#8243; header_3_font_size=&#8221;16px&#8221; custom_margin=&#8221;46px||46px|||&#8221; text_font_size_tablet=&#8221;30px&#8221; text_font_size_phone=&#8221;22px&#8221; text_font_size_last_edited=&#8221;on|tablet&#8221; global_colors_info=&#8221;{}&#8221;]<\/p>\n<h3>E-mail<\/h3>\n<p>info@velarischarter.com<\/p>\n<p>[\/et_pb_text][et_pb_text _builder_version=&#8221;4.26.0&#8243; _module_preset=&#8221;default&#8221; text_font=&#8221;Poppins||||||||&#8221; text_text_color=&#8221;#FFFFFF&#8221; text_font_size=&#8221;16px&#8221; text_letter_spacing=&#8221;0.05em&#8221; text_line_height=&#8221;1.2em&#8221; link_text_color=&#8221;#ffffff&#8221; header_3_font=&#8221;Poppins||||||||&#8221; header_3_text_color=&#8221;#ae7741&#8243; header_3_font_size=&#8221;16px&#8221; custom_margin=&#8221;46px||46px|||&#8221; text_font_size_tablet=&#8221;30px&#8221; text_font_size_phone=&#8221;22px&#8221; text_font_size_last_edited=&#8221;on|tablet&#8221; global_colors_info=&#8221;{}&#8221;]<\/p>\n<h3>Direction<\/h3>\n<p>Port Marina vela<\/p>\n<p>[\/et_pb_text][\/et_pb_column][et_pb_column type=&#8221;1_4&#8243; _builder_version=&#8221;4.16&#8243; _module_preset=&#8221;default&#8221; global_colors_info=&#8221;{}&#8221;][et_pb_text _builder_version=&#8221;4.24.2&#8243; _module_preset=&#8221;default&#8221; header_4_font=&#8221;Poppins|||on|||||&#8221; header_4_font_size=&#8221;16px&#8221; header_4_letter_spacing=&#8221;4px&#8221; header_4_line_height=&#8221;1.6em&#8221; background_layout=&#8221;dark&#8221; custom_margin=&#8221;||||false|false&#8221; header_4_font_size_tablet=&#8221;20px&#8221; header_4_font_size_phone=&#8221;16px&#8221; header_4_font_size_last_edited=&#8221;on|phone&#8221; border_color_all=&#8221;#ea3900&#8243; border_width_bottom=&#8221;5px&#8221; border_color_bottom=&#8221;#ae7741&#8243; locked=&#8221;off&#8221; global_colors_info=&#8221;{}&#8221; custom_margin__hover_enabled=&#8221;off|desktop&#8221;]<\/p>\n<h4>velaris<\/h4>\n<p>[\/et_pb_text][et_pb_text _builder_version=&#8221;4.24.2&#8243; _module_preset=&#8221;default&#8221; text_font=&#8221;Poppins|300|||||||&#8221; text_text_color=&#8221;#E09900&#8243; text_font_size=&#8221;15px&#8221; text_letter_spacing=&#8221;1px&#8221; text_line_height=&#8221;3em&#8221; link_text_color=&#8221;#ffffff&#8221; background_layout=&#8221;dark&#8221; text_font_size_tablet=&#8221;&#8221; text_font_size_phone=&#8221;14px&#8221; text_font_size_last_edited=&#8221;on|desktop&#8221; global_colors_info=&#8221;{}&#8221; link_text_color__hover_enabled=&#8221;on|hover&#8221; link_text_color__hover=&#8221;#ae7741&#8243; text_font_size__hover_enabled=&#8221;on|hover&#8221; text_font_size__hover=&#8221;15px&#8221;]<\/p>\n<p><span style=\"text-decoration: underline;\"><a href=\"https:\/\/velarischarter.com\/\">Home<\/a><\/span><br \/><span style=\"text-decoration: underline;\"><a href=\"https:\/\/velarischarter.com\/index.php\/americas-cup\/\" target=\"_blank\" rel=\"noopener\">Boat Trips<\/a><\/span><br \/><span style=\"text-decoration: underline;\"><a href=\"https:\/\/velarischarter.com\/index.php\/el-barco\/\" target=\"_blank\" rel=\"noopener\">Our Boat<\/a><\/span><br \/><span style=\"text-decoration: underline;\"><a href=\"https:\/\/velarischarter.com\/index.php\/contacto\" target=\"_blank\" rel=\"noopener\">Contact<\/a><\/span><\/p>\n<p>[\/et_pb_text][\/et_pb_column][et_pb_column type=&#8221;1_4&#8243; _builder_version=&#8221;4.16&#8243; _module_preset=&#8221;default&#8221; global_colors_info=&#8221;{}&#8221;][et_pb_text _builder_version=&#8221;4.26.0&#8243; _module_preset=&#8221;default&#8221; header_4_font=&#8221;Poppins||||||||&#8221; header_4_font_size=&#8221;16px&#8221; header_4_letter_spacing=&#8221;4px&#8221; header_4_line_height=&#8221;1.6em&#8221; background_layout=&#8221;dark&#8221; custom_margin=&#8221;||||false|false&#8221; header_4_font_size_tablet=&#8221;20px&#8221; header_4_font_size_phone=&#8221;16px&#8221; header_4_font_size_last_edited=&#8221;on|phone&#8221; border_color_all=&#8221;#ea3900&#8243; border_width_bottom=&#8221;5px&#8221; border_color_bottom=&#8221;#ae7741&#8243; locked=&#8221;off&#8221; global_colors_info=&#8221;{}&#8221; custom_margin__hover_enabled=&#8221;off|desktop&#8221;]<\/p>\n<h4>MORE INFO.<\/h4>\n<p>[\/et_pb_text][et_pb_text _builder_version=&#8221;4.24.2&#8243; _module_preset=&#8221;default&#8221; text_font=&#8221;Poppins|300|||||||&#8221; text_font_size=&#8221;15px&#8221; text_letter_spacing=&#8221;1px&#8221; text_line_height=&#8221;3em&#8221; link_text_color=&#8221;#ffffff&#8221; background_layout=&#8221;dark&#8221; text_font_size_tablet=&#8221;&#8221; text_font_size_phone=&#8221;14px&#8221; text_font_size_last_edited=&#8221;on|phone&#8221; locked=&#8221;off&#8221; global_colors_info=&#8221;{}&#8221; link_text_color__hover=&#8221;#ea3900&#8243; link_text_color__hover_enabled=&#8221;on|desktop&#8221;]<\/p>\n<p>Terms and Conditons<br \/>Privacy Policy<br \/>Cookies<\/p>\n<p>[\/et_pb_text][\/et_pb_column][\/et_pb_row][et_pb_row _builder_version=&#8221;4.24.2&#8243; _module_preset=&#8221;default&#8221; global_colors_info=&#8221;{}&#8221;][et_pb_column type=&#8221;4_4&#8243; _builder_version=&#8221;4.24.2&#8243; _module_preset=&#8221;default&#8221; global_colors_info=&#8221;{}&#8221;][et_pb_code _builder_version=&#8221;4.26.0&#8243; _module_preset=&#8221;default&#8221; hover_enabled=&#8221;0&#8243; global_colors_info=&#8221;{}&#8221; sticky_enabled=&#8221;0&#8243;]<iframe <!-- [et_pb_line_break_holder] -->    src=&#8221;https:\/\/www.google.com\/maps\/embed?pb=!1m18!1m12!1m3!1d2993.393646823387!2d2.191363815289072!3d41.36961737926417!2m3!1f0!2f0!3f0!3m2!1i1024!2i768!4f13.1!3m3!1m2!1s0x12a4a33a1cdde249%3A0xe325d9bc452dbb3d!2sMarina%20Vela%20Barcelona!5e0!3m2!1ses!2ses!4v1717013456789!5m2!1ses!2ses&#8221; <!-- [et_pb_line_break_holder] -->    width=&#8221;1600&#8243; <!-- [et_pb_line_break_holder] -->    height=&#8221;250&#8243; <!-- [et_pb_line_break_holder] -->    style=&#8221;border:0;&#8221; <!-- [et_pb_line_break_holder] -->    allowfullscreen=&#8221;&#8221; <!-- [et_pb_line_break_holder] -->    loading=&#8221;lazy&#8221; <!-- [et_pb_line_break_holder] -->    referrerpolicy=&#8221;no-referrer-when-downgrade&#8221;><!-- [et_pb_line_break_holder] --><\/iframe><!-- [et_pb_line_break_holder] -->[\/et_pb_code][\/et_pb_column][\/et_pb_row][\/et_pb_section]<\/p>\n","protected":false},"excerpt":{"rendered":"<p>CONTACTContact FormWe talk Spanish, Catalan, English, German, and FrenchOUR TRIPS INCLUDENavegaci\u00f3n Privada por los equipos y\u00a0zona de competici\u00f3nExplicaci\u00f3n y seguimiento cercano dela regataPersonalizaci\u00f3n al cliente.Suministro de combustible.Aperitivos para amenizar el viaje.Telephone +34 651 865 845E-mail info@velarischarter.comDirection Port Marina velavelarisHomeBoat TripsOur BoatContactMORE INFO.Terms and ConditonsPrivacy PolicyCookies<\/p>\n","protected":false},"author":1,"featured_media":0,"parent":0,"menu_order":0,"comment_status":"closed","ping_status":"closed","template":"","meta":{"_et_pb_use_builder":"on","_et_pb_old_content":"<!-- wp:divi\/placeholder \/-->","_et_gb_content_width":"","footnotes":""},"class_list":["post-21","page","type-page","status-publish","hentry"],"_links":{"self":[{"href":"https:\/\/velarischarter.com\/index.php\/wp-json\/wp\/v2\/pages\/21","targetHints":{"allow":["GET"]}}],"collection":[{"href":"https:\/\/velarischarter.com\/index.php\/wp-json\/wp\/v2\/pages"}],"about":[{"href":"https:\/\/velarischarter.com\/index.php\/wp-json\/wp\/v2\/types\/page"}],"author":[{"embeddable":true,"href":"https:\/\/velarischarter.com\/index.php\/wp-json\/wp\/v2\/users\/1"}],"replies":[{"embeddable":true,"href":"https:\/\/velarischarter.com\/index.php\/wp-json\/wp\/v2\/comments?post=21"}],"version-history":[{"count":17,"href":"https:\/\/velarischarter.com\/index.php\/wp-json\/wp\/v2\/pages\/21\/revisions"}],"predecessor-version":[{"id":428,"href":"https:\/\/velarischarter.com\/index.php\/wp-json\/wp\/v2\/pages\/21\/revisions\/428"}],"wp:attachment":[{"href":"https:\/\/velarischarter.com\/index.php\/wp-json\/wp\/v2\/media?parent=21"}],"curies":[{"name":"wp","href":"https:\/\/api.w.org\/{rel}","templated":true}]}}